{"id":47,"date":"2015-08-14T20:00:09","date_gmt":"2015-08-14T20:00:09","guid":{"rendered":"http:\/\/referenciadesenvolvimento.com.br\/site\/?page_id=47"},"modified":"2018-05-10T13:42:11","modified_gmt":"2018-05-10T13:42:11","slug":"nossa-proposta","status":"publish","type":"page","link":"http:\/\/referenciadesenvolvimento.com.br\/site\/nossa-proposta\/","title":{"rendered":"Nossa Proposta"},"content":{"rendered":"<p>[et_pb_section bb_built=&#8221;1&#8243;][et_pb_row][et_pb_column type=&#8221;4_4&#8243;][et_pb_post_title _builder_version=&#8221;3.2.2&#8243; meta=&#8221;off&#8221; author=&#8221;off&#8221; date=&#8221;off&#8221; featured_image=&#8221;off&#8221; \/][et_pb_text]<\/p>\n<h3 style=\"text-align: center;\"><span style=\"color: #003366;\">Refer\u00eancia Desenvolvimento<\/span><\/h3>\n<h3 style=\"text-align: center;\"><span style=\"color: #33cccc;\">Trasnformando \u00a0pessoas e seus resultados<\/span><\/h3>\n<p>&nbsp;<\/p>\n<p style=\"text-align: justify;\">A Refer\u00eancia Desenvolvimento, atua focada no desenvolvimento de pessoas, dentro e fora das organiza\u00e7\u00f5es, sendo as nossa expertises: <b>processos individuais e grupais de <\/b><b>coaching<\/b>, <b>avalia\u00e7\u00e3o <\/b><b>executiva, desenvolvimento de l\u00edderes, forma\u00e7\u00e3o de <\/b><b>coaches<\/b> e <b>supervis\u00e3o para <\/b><b>coaches<\/b> .<\/p>\n<p style=\"text-align: justify;\">Adotando uma vis\u00e3o integrada do \u201cser\u201d e no contexto o qual est\u00e1 inserido, auxiliamos no desenvolvimento pessoal e organizacional com abordagens que harmonizam a teoria e pr\u00e1tica, fundamentada com a experi\u00eancia. Auxiliamos pessoas, aplicando um mix de m\u00e9todos utilizados e testados, balanceando o sentir e o pensar com ferramentas pr\u00e1ticas.<\/p>\n<p style=\"text-align: justify;\">N\u00f3s encorajamos as pessoas a aceitarem novos desafios para apropriarem-se de seus potenciais, responsabilizarem-se por seu desenvolvimento e resultados.<\/p>\n<p style=\"text-align: justify;\">Trabalhando com indiv\u00edduos, grupos ou times, n\u00f3s ajudamos as pessoas a focarem em seus objetivos, aprendendo a conectarem-se com isso, deixando fluir seus potenciais naturais.<\/p>\n<p style=\"text-align: justify;\">Acreditamos no indiv\u00edduo, contribuindo para que pessoas transformem as suas vis\u00f5es limitadoras, expandindo as suas capacidades de a\u00e7\u00e3o, para que alcancem os resultados almejados, nossa proposta \u00e9 de prover alicerces para o crescimento que perpetua-se ap\u00f3s o t\u00e9rmino de nosso trabalho.<\/p>\n<p><img loading=\"lazy\" decoding=\"async\" class=\"alignleft size-full wp-image-28\" src=\"http:\/\/referenciadesenvolvimento.com.br\/site\/wp-content\/uploads\/2015\/08\/icon.png\" alt=\"icon\" width=\"29\" height=\"29\" \/><\/p>\n<h3><span style=\"color: #003366;\">Vis\u00e3o<\/span><\/h3>\n<p style=\"text-align: justify;\">Desenvolver pessoas e profissionais atrav\u00e9s de m\u00e9todos transformadores, superando as expectativas dos clientes.<br \/>\n<b><br \/>\n<img loading=\"lazy\" decoding=\"async\" class=\" size-full wp-image-28 alignleft\" src=\"http:\/\/referenciadesenvolvimento.com.br\/site\/wp-content\/uploads\/2015\/08\/icon.png\" alt=\"icon\" width=\"29\" height=\"29\" \/><\/b><\/p>\n<h3><span style=\"color: #003366;\">Miss\u00e3o<\/span><\/h3>\n<p style=\"text-align: justify;\"><b><\/b>Atuar de forma\u00a0<b>DIFERENCIADA<\/b>\u00a0em\u00a0<b>DESENVOLVIMENTO HUMANO<\/b>\u00a0promovendo\u00a0<b>RESULTADOS<\/b>\u00a0aos nossos clientes;<\/p>\n<p>&nbsp;<\/p>\n<p><i><a href=\"http:\/\/referenciadesenvolvimento.com.br\/site\/wp-content\/uploads\/2015\/08\/diferenciais.png\"><img loading=\"lazy\" decoding=\"async\" class=\"alignleft size-full wp-image-127\" src=\"http:\/\/referenciadesenvolvimento.com.br\/site\/wp-content\/uploads\/2015\/08\/diferenciais.png\" alt=\"diferenciais\" width=\"157\" height=\"65\" srcset=\"http:\/\/referenciadesenvolvimento.com.br\/site\/wp-content\/uploads\/2015\/08\/diferenciais.png 157w, http:\/\/referenciadesenvolvimento.com.br\/site\/wp-content\/uploads\/2015\/08\/diferenciais-155x65.png 155w\" sizes=\"(max-width: 157px) 100vw, 157px\" \/><\/a><\/i>Cada indiv\u00edduo e situa\u00e7\u00e3o \u00e9 singular, atendemos de maneira personalizada;<br \/>\nTotal envolvimento e dedica\u00e7\u00e3o;<br \/>\nRespeito aos valores das pessoas e organiza\u00e7\u00f5es;<\/p>\n<p><i><strong><br \/>\n<\/strong><\/i><\/p>\n<p><a href=\"http:\/\/referenciadesenvolvimento.com.br\/site\/wp-content\/uploads\/2015\/08\/desenvolvimento_humano.png\"><img loading=\"lazy\" decoding=\"async\" class=\"alignleft size-full wp-image-126\" src=\"http:\/\/referenciadesenvolvimento.com.br\/site\/wp-content\/uploads\/2015\/08\/desenvolvimento_humano.png\" alt=\"desenvolvimento_humano\" width=\"200\" height=\"65\" \/><\/a>Despertar o autoconhecimento para mudan\u00e7as e realiza\u00e7\u00f5es;<br \/>\nIdentificar e aprimorar o que h\u00e1 de melhor em cada pessoa;<\/p>\n<p>&nbsp;<\/p>\n<p>&nbsp;<\/p>\n<p><img loading=\"lazy\" decoding=\"async\" class=\"alignleft size-full wp-image-28\" src=\"http:\/\/referenciadesenvolvimento.com.br\/site\/wp-content\/uploads\/2015\/08\/icon.png\" alt=\"icon\" width=\"29\" height=\"29\" \/><\/p>\n<h3><span style=\"color: #003366;\">Valores<\/span><\/h3>\n<p>&nbsp;<\/p>\n<p><span style=\"color: #003366;\">&#8211;<\/span>Valoriza\u00e7\u00e3o de cada ser-humano acreditando em seus potenciais<span style=\"color: #003366;\"><br \/>\n<\/span><span style=\"color: #003366;\">&#8211;<\/span>Respeito aos valores das pessoas e organiza\u00e7\u00f5es<span style=\"color: #003366;\"><br \/>\n<\/span><span style=\"color: #003366;\">&#8211;<\/span>Transpar\u00eancia<span style=\"color: #003366;\"><br \/>\n<\/span><span style=\"color: #003366;\">&#8211;<\/span>\u00c9tica<span style=\"color: #003366;\"><br \/>\n<\/span><span style=\"color: #003366;\">&#8211;<\/span>Confidencialidade<span style=\"color: #003366;\"><br \/>\n<\/span><span style=\"color: #003366;\">&#8211;<\/span>Foco em resultados<span style=\"color: #003366;\"><br \/>\n<\/span><span style=\"color: #003366;\">&#8211;<\/span>Amor ao trabalho<\/p>\n<p style=\"text-align: center;\"><i>\u00a0 \u00a0<\/i><\/p>\n<p>[\/et_pb_text][\/et_pb_column][\/et_pb_row][\/et_pb_section]<\/p>\n","protected":false},"excerpt":{"rendered":"<p><div class=\"et_pb_row et_pb_row_0 et_pb_row_empty\">\n\t\t\t\t\n\t\t\t\t\n\t\t\t\t\n\t\t\t\t\n\t\t\t\t\n\t\t\t<\/div><div class=\"et_pb_module et_pb_text et_pb_text_0  et_pb_text_align_left et_pb_bg_layout_light\">\n\t\t\t\t\n\t\t\t\t\n\t\t\t\t\n\t\t\t\t\n\t\t\t\t\n\t\t\t<\/div> Refer\u00eancia Desenvolvimento Trasnformando \u00a0pessoas e seus resultados &nbsp; A Refer\u00eancia Desenvolvimento, atua focada no desenvolvimento de pessoas, dentro e fora das organiza\u00e7\u00f5es, sendo as nossa expertises: processos individuais e grupais de coaching, avalia\u00e7\u00e3o executiva, desenvolvimento de l\u00edderes, forma\u00e7\u00e3o de coaches e supervis\u00e3o para coaches . Adotando uma vis\u00e3o integrada do \u201cser\u201d e no contexto [&hellip;]<\/p>\n","protected":false},"author":1,"featured_media":0,"parent":0,"menu_order":0,"comment_status":"open","ping_status":"open","template":"","meta":{"_et_pb_use_builder":"on","_et_pb_old_content":"<h3 style=\"text-align: center;\"><span style=\"color: #003366;\">Refer\u00eancia Desenvolvimento<\/span><\/h3><h3 style=\"text-align: center;\"><span style=\"color: #33cccc;\">Trasnformando \u00a0pessoas e seus resultados<\/span><\/h3><p>\u00a0<\/p><p style=\"text-align: justify;\">A Refer\u00eancia Desenvolvimento, atua focada no desenvolvimento de pessoas, dentro e fora das organiza\u00e7\u00f5es, sendo as nossa expertises: <b>processos individuais e grupais de <\/b><b>coaching<\/b>, <b>avalia\u00e7\u00e3o <\/b><b>executiva, desenvolvimento de l\u00edderes, forma\u00e7\u00e3o de <\/b><b>coaches<\/b> e <b>supervis\u00e3o para <\/b><b>coaches<\/b> .<\/p><p style=\"text-align: justify;\">Adotando uma vis\u00e3o integrada do \u201cser\u201d e no contexto o qual est\u00e1 inserido, auxiliamos no desenvolvimento pessoal e organizacional com abordagens que harmonizam a teoria e pr\u00e1tica, fundamentada com a experi\u00eancia. Auxiliamos pessoas, aplicando um mix de m\u00e9todos utilizados e testados, balanceando o sentir e o pensar com ferramentas pr\u00e1ticas.<\/p><p style=\"text-align: justify;\">N\u00f3s encorajamos as pessoas a aceitarem novos desafios para apropriarem-se de seus potenciais, responsabilizarem-se por seu desenvolvimento e resultados.<\/p><p style=\"text-align: justify;\">Trabalhando com indiv\u00edduos, grupos ou times, n\u00f3s ajudamos as pessoas a focarem em seus objetivos, aprendendo a conectarem-se com isso, deixando fluir seus potenciais naturais.<\/p><p style=\"text-align: justify;\">Acreditamos no indiv\u00edduo, contribuindo para que pessoas transformem as suas vis\u00f5es limitadoras, expandindo as suas capacidades de a\u00e7\u00e3o, para que alcancem os resultados almejados, nossa proposta \u00e9 de prover alicerces para o crescimento que perpetua-se ap\u00f3s o t\u00e9rmino de nosso trabalho.<\/p><p><img class=\"alignleft size-full wp-image-28\" src=\"http:\/\/referenciadesenvolvimento.com.br\/site\/wp-content\/uploads\/2015\/08\/icon.png\" alt=\"icon\" width=\"29\" height=\"29\" \/><\/p><h3><span style=\"color: #003366;\">Vis\u00e3o<\/span><\/h3><p style=\"text-align: justify;\">Desenvolver pessoas e profissionais atrav\u00e9s de m\u00e9todos transformadores, superando as expectativas dos clientes.<br \/> <b><br \/> <img class=\" size-full wp-image-28 alignleft\" src=\"http:\/\/referenciadesenvolvimento.com.br\/site\/wp-content\/uploads\/2015\/08\/icon.png\" alt=\"icon\" width=\"29\" height=\"29\" \/><\/b><\/p><h3><span style=\"color: #003366;\">Miss\u00e3o<\/span><\/h3><p style=\"text-align: justify;\"><b><\/b>Atuar de forma\u00a0<b>DIFERENCIADA<\/b>\u00a0em\u00a0<b>DESENVOLVIMENTO HUMANO<\/b>\u00a0promovendo\u00a0<b>RESULTADOS<\/b>\u00a0aos nossos clientes;<\/p><p>\u00a0<\/p><p><i><a href=\"http:\/\/referenciadesenvolvimento.com.br\/site\/wp-content\/uploads\/2015\/08\/diferenciais.png\"><img class=\"alignleft size-full wp-image-127\" src=\"http:\/\/referenciadesenvolvimento.com.br\/site\/wp-content\/uploads\/2015\/08\/diferenciais.png\" alt=\"diferenciais\" width=\"157\" height=\"65\" \/><\/a><\/i>Cada indiv\u00edduo e situa\u00e7\u00e3o \u00e9 singular, atendemos de maneira personalizada;<br \/> Total envolvimento e dedica\u00e7\u00e3o;<br \/> Respeito aos valores das pessoas e organiza\u00e7\u00f5es;<\/p><p><i><strong><br \/> <\/strong><\/i><\/p><p><a href=\"http:\/\/referenciadesenvolvimento.com.br\/site\/wp-content\/uploads\/2015\/08\/desenvolvimento_humano.png\"><img class=\"alignleft size-full wp-image-126\" src=\"http:\/\/referenciadesenvolvimento.com.br\/site\/wp-content\/uploads\/2015\/08\/desenvolvimento_humano.png\" alt=\"desenvolvimento_humano\" width=\"200\" height=\"65\" \/><\/a>Despertar o autoconhecimento para mudan\u00e7as e realiza\u00e7\u00f5es;<br \/> Identificar e aprimorar o que h\u00e1 de melhor em cada pessoa;<\/p><p>\u00a0<\/p><p>\u00a0<\/p><p><img class=\"alignleft size-full wp-image-28\" src=\"http:\/\/referenciadesenvolvimento.com.br\/site\/wp-content\/uploads\/2015\/08\/icon.png\" alt=\"icon\" width=\"29\" height=\"29\" \/><\/p><h3><span style=\"color: #003366;\">Valores<\/span><\/h3><p>\u00a0<\/p><p><span style=\"color: #003366;\">-<\/span>Valoriza\u00e7\u00e3o de cada ser-humano acreditando em seus potenciais<span style=\"color: #003366;\"><br \/> <\/span><span style=\"color: #003366;\">-<\/span>Respeito aos valores das pessoas e organiza\u00e7\u00f5es<span style=\"color: #003366;\"><br \/> <\/span><span style=\"color: #003366;\">-<\/span>Transpar\u00eancia<span style=\"color: #003366;\"><br \/> <\/span><span style=\"color: #003366;\">-<\/span>\u00c9tica<span style=\"color: #003366;\"><br \/> <\/span><span style=\"color: #003366;\">-<\/span>Confidencialidade<span style=\"color: #003366;\"><br \/> <\/span><span style=\"color: #003366;\">-<\/span>Foco em resultados<span style=\"color: #003366;\"><br \/> <\/span><span style=\"color: #003366;\">-<\/span>Amor ao trabalho<\/p><p style=\"text-align: center;\"><i>\u00a0 \u00a0<\/i><\/p>","_et_gb_content_width":"","footnotes":""},"class_list":["post-47","page","type-page","status-publish","hentry"],"_links":{"self":[{"href":"http:\/\/referenciadesenvolvimento.com.br\/site\/wp-json\/wp\/v2\/pages\/47"}],"collection":[{"href":"http:\/\/referenciadesenvolvimento.com.br\/site\/wp-json\/wp\/v2\/pages"}],"about":[{"href":"http:\/\/referenciadesenvolvimento.com.br\/site\/wp-json\/wp\/v2\/types\/page"}],"author":[{"embeddable":true,"href":"http:\/\/referenciadesenvolvimento.com.br\/site\/wp-json\/wp\/v2\/users\/1"}],"replies":[{"embeddable":true,"href":"http:\/\/referenciadesenvolvimento.com.br\/site\/wp-json\/wp\/v2\/comments?post=47"}],"version-history":[{"count":24,"href":"http:\/\/referenciadesenvolvimento.com.br\/site\/wp-json\/wp\/v2\/pages\/47\/revisions"}],"predecessor-version":[{"id":55,"href":"http:\/\/referenciadesenvolvimento.com.br\/site\/wp-json\/wp\/v2\/pages\/47\/revisions\/55"}],"wp:attachment":[{"href":"http:\/\/referenciadesenvolvimento.com.br\/site\/wp-json\/wp\/v2\/media?parent=47"}],"curies":[{"name":"wp","href":"https:\/\/api.w.org\/{rel}","templated":true}]}}